{"id":3270,"date":"2023-08-07T09:20:30","date_gmt":"2023-08-07T09:20:30","guid":{"rendered":"https:\/\/new.tenerifetennisacademy.com\/?page_id=3270"},"modified":"2023-08-14T11:05:21","modified_gmt":"2023-08-14T11:05:21","slug":"matricula-y-horario-ninos-t3","status":"publish","type":"page","link":"https:\/\/new.tenerifetennisacademy.com\/fr\/matricula-y-horario-ninos-t3\/","title":{"rendered":"Matricula y Horario Ni\u00f1os T3"},"content":{"rendered":"<div data-elementor-type=\"wp-page\" data-elementor-id=\"3270\" class=\"elementor elementor-3270\">\n\t\t\t\t\t\t<section class=\"elementor-section elementor-top-section elementor-element elementor-element-9ae9642 elementor-section-boxed elementor-section-height-default elementor-section-height-default\" data-id=\"9ae9642\" data-element_type=\"section\" data-e-type=\"section\">\n\t\t\t\t\t\t<div class=\"elementor-container elementor-column-gap-default\">\n\t\t\t\t\t<div class=\"elementor-column elementor-col-100 elementor-top-column elementor-element elementor-element-4575e0f\" data-id=\"4575e0f\" data-element_type=\"column\" data-e-type=\"column\">\n\t\t\t<div class=\"elementor-widget-wrap elementor-element-populated\">\n\t\t\t\t\t\t<div class=\"elementor-element elementor-element-3b42960 elementor-widget elementor-widget-heading\" data-id=\"3b42960\" data-element_type=\"widget\" data-e-type=\"widget\" data-widget_type=\"heading.default\">\n\t\t\t\t<div class=\"elementor-widget-container\">\n\t\t\t\t\t<h1 class=\"elementor-heading-title elementor-size-default\">Horarios y Matricula 2023\/2024 Ni\u00f1os T3 - La Caleta<\/h1>\t\t\t\t<\/div>\n\t\t\t\t<\/div>\n\t\t\t\t\t<\/div>\n\t\t<\/div>\n\t\t\t\t\t<\/div>\n\t\t<\/section>\n\t\t\t\t<section class=\"elementor-section elementor-top-section elementor-element elementor-element-4847476 elementor-section-boxed elementor-section-height-default elementor-section-height-default\" data-id=\"4847476\" data-element_type=\"section\" data-e-type=\"section\">\n\t\t\t\t\t\t<div class=\"elementor-container elementor-column-gap-default\">\n\t\t\t\t\t<div class=\"elementor-column elementor-col-100 elementor-top-column elementor-element elementor-element-6d22c41\" data-id=\"6d22c41\" data-element_type=\"column\" data-e-type=\"column\">\n\t\t\t<div class=\"elementor-widget-wrap elementor-element-populated\">\n\t\t\t\t\t\t<div class=\"elementor-element elementor-element-9456bf6 elementor-widget-divider--view-line elementor-widget elementor-widget-divider\" data-id=\"9456bf6\" data-element_type=\"widget\" data-e-type=\"widget\" data-widget_type=\"divider.default\">\n\t\t\t\t<div class=\"elementor-widget-container\">\n\t\t\t\t\t\t\t<div class=\"elementor-divider\">\n\t\t\t<span class=\"elementor-divider-separator\">\n\t\t\t\t\t\t<\/span>\n\t\t<\/div>\n\t\t\t\t\t\t<\/div>\n\t\t\t\t<\/div>\n\t\t\t\t\t<\/div>\n\t\t<\/div>\n\t\t\t\t\t<\/div>\n\t\t<\/section>\n\t\t\t\t<section class=\"elementor-section elementor-top-section elementor-element elementor-element-7f03dc1 elementor-section-boxed elementor-section-height-default elementor-section-height-default\" data-id=\"7f03dc1\" data-element_type=\"section\" data-e-type=\"section\">\n\t\t\t\t\t\t<div class=\"elementor-container elementor-column-gap-default\">\n\t\t\t\t\t<div class=\"elementor-column elementor-col-100 elementor-top-column elementor-element elementor-element-1e77cd8\" data-id=\"1e77cd8\" data-element_type=\"column\" data-e-type=\"column\">\n\t\t\t<div class=\"elementor-widget-wrap elementor-element-populated\">\n\t\t\t\t\t\t<div class=\"elementor-element elementor-element-9a2e1c5 elementor-widget elementor-widget-text-editor\" data-id=\"9a2e1c5\" data-element_type=\"widget\" data-e-type=\"widget\" data-widget_type=\"text-editor.default\">\n\t\t\t\t<div class=\"elementor-widget-container\">\n\t\t\t\t\t\t\t\t\t<p>* Please indicate the timetable that your child prefers in the extra comments box at the end of the form.\u00a0 You can see the available classes per age in the table below.<br \/><span style=\"font-style: inherit; font-weight: inherit; color: var( --e-global-color-text ); font-family: var( --e-global-typography-text-font-family ), Sans-serif;\">* Pour plus d'informations, veuillez nous contacter par e-mail:\u00a0 <\/span><a style=\"font-style: inherit; font-weight: inherit; font-family: var( --e-global-typography-text-font-family ), Sans-serif; background-color: #ffffff;\" href=\"mailto:Info@tenerifeta.com\">Info@tenerifeta.com<\/a><span style=\"font-style: inherit; font-weight: inherit; color: var( --e-global-color-text ); font-family: var( --e-global-typography-text-font-family ), Sans-serif;\">\u00a0 ou<br \/><\/span><span style=\"color: var( --e-global-color-text ); font-family: var( --e-global-typography-text-font-family ), Sans-serif; font-style: inherit; font-weight: inherit;\">\u00a0 par WhatsApp\/appel t\u00e9l\u00e9phonique au (00 34) 680 222 891<\/span><\/p>\t\t\t\t\t\t\t\t<\/div>\n\t\t\t\t<\/div>\n\t\t\t\t\t<\/div>\n\t\t<\/div>\n\t\t\t\t\t<\/div>\n\t\t<\/section>\n\t\t\t\t<section class=\"elementor-section elementor-top-section elementor-element elementor-element-9735f68 elementor-section-boxed elementor-section-height-default elementor-section-height-default\" data-id=\"9735f68\" data-element_type=\"section\" data-e-type=\"section\">\n\t\t\t\t\t\t<div class=\"elementor-container elementor-column-gap-default\">\n\t\t\t\t\t<div class=\"elementor-column elementor-col-100 elementor-top-column elementor-element elementor-element-890302a\" data-id=\"890302a\" data-element_type=\"column\" data-e-type=\"column\">\n\t\t\t<div class=\"elementor-widget-wrap elementor-element-populated\">\n\t\t\t\t\t\t<div class=\"elementor-element elementor-element-88030fd elementor-widget elementor-widget-image\" data-id=\"88030fd\" data-element_type=\"widget\" data-e-type=\"widget\" data-widget_type=\"image.default\">\n\t\t\t\t<div class=\"elementor-widget-container\">\n\t\t\t\t\t\t\t\t\t\t\t\t\t\t\t<img fetchpriority=\"high\" decoding=\"async\" width=\"1024\" height=\"193\" src=\"https:\/\/new.tenerifetennisacademy.com\/wp-content\/uploads\/2023\/08\/Horarios-y-matricula-T3-La-Caleta-1024x193.jpg\" class=\"attachment-large size-large wp-image-3271\" alt=\"timetable T3 La Caleta\" srcset=\"https:\/\/new.tenerifetennisacademy.com\/wp-content\/uploads\/2023\/08\/Horarios-y-matricula-T3-La-Caleta-1024x193.jpg 1024w, https:\/\/new.tenerifetennisacademy.com\/wp-content\/uploads\/2023\/08\/Horarios-y-matricula-T3-La-Caleta-300x57.jpg 300w, https:\/\/new.tenerifetennisacademy.com\/wp-content\/uploads\/2023\/08\/Horarios-y-matricula-T3-La-Caleta-768x145.jpg 768w, https:\/\/new.tenerifetennisacademy.com\/wp-content\/uploads\/2023\/08\/Horarios-y-matricula-T3-La-Caleta-18x3.jpg 18w, https:\/\/new.tenerifetennisacademy.com\/wp-content\/uploads\/2023\/08\/Horarios-y-matricula-T3-La-Caleta.jpg 1283w\" sizes=\"(max-width: 1024px) 100vw, 1024px\" \/>\t\t\t\t\t\t\t\t\t\t\t\t\t\t\t<\/div>\n\t\t\t\t<\/div>\n\t\t\t\t\t<\/div>\n\t\t<\/div>\n\t\t\t\t\t<\/div>\n\t\t<\/section>\n\t\t\t\t<section class=\"elementor-section elementor-top-section elementor-element elementor-element-b977bdf elementor-section-boxed elementor-section-height-default elementor-section-height-default\" data-id=\"b977bdf\" data-element_type=\"section\" data-e-type=\"section\">\n\t\t\t\t\t\t<div class=\"elementor-container elementor-column-gap-default\">\n\t\t\t\t\t<div class=\"elementor-column elementor-col-100 elementor-top-column elementor-element elementor-element-79a750f\" data-id=\"79a750f\" data-element_type=\"column\" data-e-type=\"column\">\n\t\t\t<div class=\"elementor-widget-wrap elementor-element-populated\">\n\t\t\t\t\t\t<div class=\"elementor-element elementor-element-5d4193a elementor-align-center elementor-widget elementor-widget-button\" data-id=\"5d4193a\" data-element_type=\"widget\" data-e-type=\"widget\" data-widget_type=\"button.default\">\n\t\t\t\t<div class=\"elementor-widget-container\">\n\t\t\t\t\t\t\t\t\t<div class=\"elementor-button-wrapper\">\n\t\t\t\t\t<a class=\"elementor-button elementor-button-link elementor-size-sm\" href=\"https:\/\/forms.gle\/HyVxCqGfHHhuEWxXA\">\n\t\t\t\t\t\t<span class=\"elementor-button-content-wrapper\">\n\t\t\t\t\t\t\t\t\t<span class=\"elementor-button-text\">Register Now (Form)<\/span>\n\t\t\t\t\t<\/span>\n\t\t\t\t\t<\/a>\n\t\t\t\t<\/div>\n\t\t\t\t\t\t\t\t<\/div>\n\t\t\t\t<\/div>\n\t\t\t\t\t<\/div>\n\t\t<\/div>\n\t\t\t\t\t<\/div>\n\t\t<\/section>\n\t\t\t\t<section class=\"elementor-section elementor-top-section elementor-element elementor-element-0ef4fa9 elementor-section-boxed elementor-section-height-default elementor-section-height-default\" data-id=\"0ef4fa9\" data-element_type=\"section\" data-e-type=\"section\">\n\t\t\t\t\t\t<div class=\"elementor-container elementor-column-gap-default\">\n\t\t\t\t\t<div class=\"elementor-column elementor-col-100 elementor-top-column elementor-element elementor-element-6c6c7c7\" data-id=\"6c6c7c7\" data-element_type=\"column\" data-e-type=\"column\">\n\t\t\t<div class=\"elementor-widget-wrap elementor-element-populated\">\n\t\t\t\t\t\t<div class=\"elementor-element elementor-element-c6304d2 elementor-widget elementor-widget-text-editor\" data-id=\"c6304d2\" data-element_type=\"widget\" data-e-type=\"widget\" data-widget_type=\"text-editor.default\">\n\t\t\t\t<div class=\"elementor-widget-container\">\n\t\t\t\t\t\t\t\t\t<p>Les frais de matriculation s'\u00e9l\u00e8vent \u00e0 49 \u20ac pour les enfants de 6 \u00e0 10 ans et \u00e0 99 \u20ac pour les \u00e2ges de 11 ans et plus, \u00e0 l'exception du cours gratuit pour les enfants de 4 \u00e0 5 ans, qui a une matriculation fixe de 99 \u20ac\/an. Veuillez effectuer le paiement par virement bancaire \u00e0 :<\/p><p><b>Tenerife Tennis Academy &#8211; BBVA ES13 0182 1055 1002 0172 8922<\/b><\/p><p>Cela doit \u00eatre transf\u00e9r\u00e9 avant la finalisation du formulaire d'inscription, car une preuve de paiement doit \u00eatre t\u00e9l\u00e9charg\u00e9e avec le formulaire. Veuillez \u00e9galement ajouter le nom de l'enfant en tant que concept de transfert. Il y a des options pour s'entra\u00eener de 1 \u00e0 5 heures par semaine.\u00a0<\/p>\t\t\t\t\t\t\t\t<\/div>\n\t\t\t\t<\/div>\n\t\t\t\t\t<\/div>\n\t\t<\/div>\n\t\t\t\t\t<\/div>\n\t\t<\/section>\n\t\t\t\t<\/div>","protected":false},"excerpt":{"rendered":"<p>Horarios y Matricula 2023\/2024 Ni\u00f1os T3 &#8211; La Caleta * Please indicate the timetable that your child prefers in the extra comments box at the end of the form.\u00a0 You can see the available classes per age in the table below.* For more information, please contact us by email:\u00a0 Info@tenerifeta.com\u00a0 or\u00a0 by whatsapp\/phonecall to\u00a0 (00 [&hellip;]<\/p>\n","protected":false},"author":5,"featured_media":0,"parent":0,"menu_order":0,"comment_status":"closed","ping_status":"closed","template":"","meta":{"site-sidebar-layout":"no-sidebar","site-content-layout":"page-builder","ast-site-content-layout":"default","site-content-style":"default","site-sidebar-style":"default","ast-global-header-display":"","ast-banner-title-visibility":"","ast-main-header-display":"","ast-hfb-above-header-display":"","ast-hfb-below-header-display":"","ast-hfb-mobile-header-display":"","site-post-title":"disabled","ast-breadcrumbs-content":"","ast-featured-img":"disabled","footer-sml-layout":"","ast-disable-related-posts":"","theme-transparent-header-meta":"","adv-header-id-meta":"","stick-header-meta":"","header-above-stick-meta":"","header-main-stick-meta":"","header-below-stick-meta":"","astra-migrate-meta-layouts":"default","ast-page-background-enabled":"default","ast-page-background-meta":{"desktop":{"background-color":"var(--ast-global-color-4)","background-image":"","background-repeat":"repeat","background-position":"center center","background-size":"auto","background-attachment":"scroll","background-type":"","background-media":"","overlay-type":"","overlay-color":"","overlay-opacity":"","overlay-gradient":""},"tablet":{"background-color":"","background-image":"","background-repeat":"repeat","background-position":"center center","background-size":"auto","background-attachment":"scroll","background-type":"","background-media":"","overlay-type":"","overlay-color":"","overlay-opacity":"","overlay-gradient":""},"mobile":{"background-color":"","background-image":"","background-repeat":"repeat","background-position":"center center","background-size":"auto","background-attachment":"scroll","background-type":"","background-media":"","overlay-type":"","overlay-color":"","overlay-opacity":"","overlay-gradient":""}},"ast-content-background-meta":{"desktop":{"background-color":"var(--ast-global-color-5)","background-image":"","background-repeat":"repeat","background-position":"center center","background-size":"auto","background-attachment":"scroll","background-type":"","background-media":"","overlay-type":"","overlay-color":"","overlay-opacity":"","overlay-gradient":""},"tablet":{"background-color":"var(--ast-global-color-5)","background-image":"","background-repeat":"repeat","background-position":"center center","background-size":"auto","background-attachment":"scroll","background-type":"","background-media":"","overlay-type":"","overlay-color":"","overlay-opacity":"","overlay-gradient":""},"mobile":{"background-color":"var(--ast-global-color-5)","background-image":"","background-repeat":"repeat","background-position":"center center","background-size":"auto","background-attachment":"scroll","background-type":"","background-media":"","overlay-type":"","overlay-color":"","overlay-opacity":"","overlay-gradient":""}},"footnotes":""},"class_list":["post-3270","page","type-page","status-publish","hentry"],"_links":{"self":[{"href":"https:\/\/new.tenerifetennisacademy.com\/fr\/wp-json\/wp\/v2\/pages\/3270","targetHints":{"allow":["GET"]}}],"collection":[{"href":"https:\/\/new.tenerifetennisacademy.com\/fr\/wp-json\/wp\/v2\/pages"}],"about":[{"href":"https:\/\/new.tenerifetennisacademy.com\/fr\/wp-json\/wp\/v2\/types\/page"}],"author":[{"embeddable":true,"href":"https:\/\/new.tenerifetennisacademy.com\/fr\/wp-json\/wp\/v2\/users\/5"}],"replies":[{"embeddable":true,"href":"https:\/\/new.tenerifetennisacademy.com\/fr\/wp-json\/wp\/v2\/comments?post=3270"}],"version-history":[{"count":18,"href":"https:\/\/new.tenerifetennisacademy.com\/fr\/wp-json\/wp\/v2\/pages\/3270\/revisions"}],"predecessor-version":[{"id":3350,"href":"https:\/\/new.tenerifetennisacademy.com\/fr\/wp-json\/wp\/v2\/pages\/3270\/revisions\/3350"}],"wp:attachment":[{"href":"https:\/\/new.tenerifetennisacademy.com\/fr\/wp-json\/wp\/v2\/media?parent=3270"}],"curies":[{"name":"wp","href":"https:\/\/api.w.org\/{rel}","templated":true}]}}