{"id":3,"date":"2021-03-12T10:42:25","date_gmt":"2021-03-12T10:42:25","guid":{"rendered":"http:\/\/new.tenerifetennisacademy.com\/?page_id=3"},"modified":"2023-03-11T10:42:21","modified_gmt":"2023-03-11T10:42:21","slug":"privacy-policy","status":"publish","type":"page","link":"https:\/\/new.tenerifetennisacademy.com\/fr\/politique-de-confidentialite\/","title":{"rendered":"politique de confidentialit\u00e9"},"content":{"rendered":"<div data-elementor-type=\"wp-page\" data-elementor-id=\"3\" class=\"elementor elementor-3\">\n\t\t\t\t\t\t<section class=\"elementor-section elementor-top-section elementor-element elementor-element-5873384 elementor-section-boxed elementor-section-height-default elementor-section-height-default\" data-id=\"5873384\" data-element_type=\"section\" data-e-type=\"section\">\n\t\t\t\t\t\t<div class=\"elementor-container elementor-column-gap-default\">\n\t\t\t\t\t<div class=\"elementor-column elementor-col-100 elementor-top-column elementor-element elementor-element-5c8a9178\" data-id=\"5c8a9178\" data-element_type=\"column\" data-e-type=\"column\">\n\t\t\t<div class=\"elementor-widget-wrap elementor-element-populated\">\n\t\t\t\t\t\t<div class=\"elementor-element elementor-element-149f83cb elementor-widget elementor-widget-text-editor\" data-id=\"149f83cb\" data-element_type=\"widget\" data-e-type=\"widget\" data-widget_type=\"text-editor.default\">\n\t\t\t\t<div class=\"elementor-widget-container\">\n\t\t\t\t\t\t\t\t\t\n<p>\u00c0 Tenerife Tennis Academy, nous nous engageons \u00e0 prot\u00e9ger votre vie priv\u00e9e et \u00e0 assurer la s\u00e9curit\u00e9 de vos informations personnelles. Cette politique de confidentialit\u00e9 d\u00e9crit les types d&#039;informations personnelles que nous pouvons collecter aupr\u00e8s de vous, comment nous pouvons les utiliser et comment nous prot\u00e9gerons vos informations.<\/p>\n<ol>\n<li>Informations que nous recueillons<\/li>\n<\/ol>\n<p>Nous pouvons collecter des informations personnelles aupr\u00e8s de vous lorsque vous visitez notre site Web, vous inscrivez \u00e0 nos services ou nous contactez. Les informations que nous pouvons collecter incluent, mais ne sont pas limit\u00e9es \u00e0\u00a0:<\/p>\n<ul>\n<li>Votre nom, adresse, num\u00e9ro de t\u00e9l\u00e9phone et adresse e-mail<\/li>\n<li>Votre date de naissance, votre sexe et votre nationalit\u00e9<\/li>\n<li>Vos informations de paiement, telles que les d\u00e9tails de votre carte de cr\u00e9dit<\/li>\n<li>Vos pr\u00e9f\u00e9rences et int\u00e9r\u00eats li\u00e9s \u00e0 nos services<\/li>\n<\/ul>\n<p>Nous pouvons \u00e9galement collecter des informations sur votre utilisation de notre site Web par le biais de cookies et d&#039;autres technologies de suivi. Ces informations peuvent inclure votre adresse IP, le type de navigateur, le type d&#039;appareil et l&#039;historique de navigation.<\/p>\n<ol start=\"2\">\n<li>Utilisation des informations<\/li>\n<\/ol>\n<p>Nous pouvons utiliser vos informations personnelles aux fins suivantes :<\/p>\n<ul>\n<li>Pour vous fournir nos services, y compris la planification des le\u00e7ons de tennis, la r\u00e9servation de l&#039;h\u00e9bergement et l&#039;organisation du transport<\/li>\n<li>Pour communiquer avec vous sur nos services, promotions et \u00e9v\u00e9nements<\/li>\n<li>Pour traiter les paiements et g\u00e9rer votre compte<\/li>\n<li>Pour am\u00e9liorer notre site Web et nos services<\/li>\n<li>Pour se conformer aux obligations l\u00e9gales<\/li>\n<\/ul>\n<p>Nous pouvons \u00e9galement utiliser vos informations \u00e0 des fins de marketing, telles que l&#039;envoi d&#039;e-mails promotionnels, sauf si vous avez choisi de ne pas recevoir de telles communications.<\/p>\n<ol start=\"3\">\n<li>Partage d&#039;informations<\/li>\n<\/ol>\n<p>Nous pouvons partager vos informations personnelles avec des prestataires de services tiers qui nous aident \u00e0 fournir nos services, tels que des agents de voyage, des entra\u00eeneurs de tennis et des h\u00e9bergeurs. Nous ne partagerons que les informations n\u00e9cessaires \u00e0 ces fournisseurs pour ex\u00e9cuter leurs services, et nous leur demanderons de prot\u00e9ger vos informations conform\u00e9ment \u00e0 la pr\u00e9sente politique de confidentialit\u00e9.<\/p>\n<p>Nous pouvons \u00e9galement partager vos informations si la loi l&#039;exige ou si nous pensons que la divulgation est n\u00e9cessaire pour prot\u00e9ger nos droits ou les droits d&#039;autrui.<\/p>\n<ol start=\"4\">\n<li>S\u00e9curit\u00e9 des informations<\/li>\n<\/ol>\n<p>Nous nous engageons \u00e0 prot\u00e9ger la s\u00e9curit\u00e9 de vos informations personnelles. Nous utilisons des mesures raisonnables pour prot\u00e9ger vos informations contre tout acc\u00e8s, divulgation ou modification non autoris\u00e9s. Cependant, nous ne pouvons pas garantir la s\u00e9curit\u00e9 de vos informations et vous devez prendre des mesures pour prot\u00e9ger vos propres informations lorsque vous utilisez nos services.<\/p>\n<ol start=\"5\">\n<li>Tes droits<\/li>\n<\/ol>\n<p>Vous disposez d&#039;un droit d&#039;acc\u00e8s, de rectification ou de suppression des informations personnelles que nous avons collect\u00e9es. Vous pouvez \u00e9galement nous demander de cesser d&#039;utiliser vos informations \u00e0 des fins de marketing. Pour exercer ces droits, veuillez nous contacter \u00e0 l&#039;adresse e-mail indiqu\u00e9e ci-dessous.<\/p>\n<ol start=\"6\">\n<li>Modifications de cette politique de confidentialit\u00e9<\/li>\n<\/ol>\n<p>Nous pouvons mettre \u00e0 jour cette politique de confidentialit\u00e9 de temps \u00e0 autre. Tout changement sera affich\u00e9 sur notre site Web et nous vous informerons de tout changement important par courriel.<\/p>\n<ol start=\"7\">\n<li>Contactez-nous<\/li>\n<\/ol>\n<p>Si vous avez des questions ou des pr\u00e9occupations concernant cette politique de confidentialit\u00e9 ou notre utilisation de vos informations personnelles, veuillez nous contacter \u00e0 <a href=\"mailto:info@new.tenerifetennisacademy.com\" target=\"_new\">info@new.tenerifetennisacademy.com<\/a>.<\/p>\n\t\t\t\t\t\t\t\t<\/div>\n\t\t\t\t<\/div>\n\t\t\t\t\t<\/div>\n\t\t<\/div>\n\t\t\t\t\t<\/div>\n\t\t<\/section>\n\t\t\t\t<\/div>","protected":false},"excerpt":{"rendered":"<p>At Tenerife Tennis Academy, we are committed to protecting your privacy and ensuring the security of your personal information. This Privacy Policy outlines the types of personal information we may collect from you, how we may use it, and how we will protect your information. Information We Collect We may collect personal information from you [&hellip;]<\/p>\n","protected":false},"author":1,"featured_media":0,"parent":0,"menu_order":0,"comment_status":"closed","ping_status":"closed","template":"","meta":{"site-sidebar-layout":"default","site-content-layout":"","ast-site-content-layout":"default","site-content-style":"default","site-sidebar-style":"default","ast-global-header-display":"","ast-banner-title-visibility":"","ast-main-header-display":"","ast-hfb-above-header-display":"","ast-hfb-below-header-display":"","ast-hfb-mobile-header-display":"","site-post-title":"","ast-breadcrumbs-content":"","ast-featured-img":"","footer-sml-layout":"","ast-disable-related-posts":"","theme-transparent-header-meta":"","adv-header-id-meta":"","stick-header-meta":"","header-above-stick-meta":"","header-main-stick-meta":"","header-below-stick-meta":"","astra-migrate-meta-layouts":"default","ast-page-background-enabled":"default","ast-page-background-meta":{"desktop":{"background-color":"var(--ast-global-color-4)","background-image":"","background-repeat":"repeat","background-position":"center center","background-size":"auto","background-attachment":"scroll","background-type":"","background-media":"","overlay-type":"","overlay-color":"","overlay-opacity":"","overlay-gradient":""},"tablet":{"background-color":"","background-image":"","background-repeat":"repeat","background-position":"center center","background-size":"auto","background-attachment":"scroll","background-type":"","background-media":"","overlay-type":"","overlay-color":"","overlay-opacity":"","overlay-gradient":""},"mobile":{"background-color":"","background-image":"","background-repeat":"repeat","background-position":"center center","background-size":"auto","background-attachment":"scroll","background-type":"","background-media":"","overlay-type":"","overlay-color":"","overlay-opacity":"","overlay-gradient":""}},"ast-content-background-meta":{"desktop":{"background-color":"var(--ast-global-color-5)","background-image":"","background-repeat":"repeat","background-position":"center center","background-size":"auto","background-attachment":"scroll","background-type":"","background-media":"","overlay-type":"","overlay-color":"","overlay-opacity":"","overlay-gradient":""},"tablet":{"background-color":"var(--ast-global-color-5)","background-image":"","background-repeat":"repeat","background-position":"center center","background-size":"auto","background-attachment":"scroll","background-type":"","background-media":"","overlay-type":"","overlay-color":"","overlay-opacity":"","overlay-gradient":""},"mobile":{"background-color":"var(--ast-global-color-5)","background-image":"","background-repeat":"repeat","background-position":"center center","background-size":"auto","background-attachment":"scroll","background-type":"","background-media":"","overlay-type":"","overlay-color":"","overlay-opacity":"","overlay-gradient":""}},"footnotes":""},"class_list":["post-3","page","type-page","status-publish","hentry"],"_links":{"self":[{"href":"https:\/\/new.tenerifetennisacademy.com\/fr\/wp-json\/wp\/v2\/pages\/3","targetHints":{"allow":["GET"]}}],"collection":[{"href":"https:\/\/new.tenerifetennisacademy.com\/fr\/wp-json\/wp\/v2\/pages"}],"about":[{"href":"https:\/\/new.tenerifetennisacademy.com\/fr\/wp-json\/wp\/v2\/types\/page"}],"author":[{"embeddable":true,"href":"https:\/\/new.tenerifetennisacademy.com\/fr\/wp-json\/wp\/v2\/users\/1"}],"replies":[{"embeddable":true,"href":"https:\/\/new.tenerifetennisacademy.com\/fr\/wp-json\/wp\/v2\/comments?post=3"}],"version-history":[{"count":4,"href":"https:\/\/new.tenerifetennisacademy.com\/fr\/wp-json\/wp\/v2\/pages\/3\/revisions"}],"predecessor-version":[{"id":2944,"href":"https:\/\/new.tenerifetennisacademy.com\/fr\/wp-json\/wp\/v2\/pages\/3\/revisions\/2944"}],"wp:attachment":[{"href":"https:\/\/new.tenerifetennisacademy.com\/fr\/wp-json\/wp\/v2\/media?parent=3"}],"curies":[{"name":"wp","href":"https:\/\/api.w.org\/{rel}","templated":true}]}}