{"id":3314,"date":"2023-08-07T13:05:54","date_gmt":"2023-08-07T13:05:54","guid":{"rendered":"https:\/\/new.tenerifetennisacademy.com\/?page_id=3314"},"modified":"2023-08-14T11:05:57","modified_gmt":"2023-08-14T11:05:57","slug":"matriculation-and-timetable-adults-t3","status":"publish","type":"page","link":"https:\/\/new.tenerifetennisacademy.com\/es\/matriculation-and-timetable-adults-t3\/","title":{"rendered":"Matriculation and Timetable Adults T3"},"content":{"rendered":"<div data-elementor-type=\"wp-page\" data-elementor-id=\"3314\" class=\"elementor elementor-3314\">\n\t\t\t\t\t\t<section class=\"elementor-section elementor-top-section elementor-element elementor-element-9ae9642 elementor-section-boxed elementor-section-height-default elementor-section-height-default\" data-id=\"9ae9642\" data-element_type=\"section\" data-e-type=\"section\">\n\t\t\t\t\t\t<div class=\"elementor-container elementor-column-gap-default\">\n\t\t\t\t\t<div class=\"elementor-column elementor-col-100 elementor-top-column elementor-element elementor-element-4575e0f\" data-id=\"4575e0f\" data-element_type=\"column\" data-e-type=\"column\">\n\t\t\t<div class=\"elementor-widget-wrap elementor-element-populated\">\n\t\t\t\t\t\t<div class=\"elementor-element elementor-element-3b42960 elementor-widget elementor-widget-heading\" data-id=\"3b42960\" data-element_type=\"widget\" data-e-type=\"widget\" data-widget_type=\"heading.default\">\n\t\t\t\t<div class=\"elementor-widget-container\">\n\t\t\t\t\t<h1 class=\"elementor-heading-title elementor-size-default\">Horario y Registro del Club de Adultos 2023\/2024 T3 - La Caleta<\/h1>\t\t\t\t<\/div>\n\t\t\t\t<\/div>\n\t\t\t\t\t<\/div>\n\t\t<\/div>\n\t\t\t\t\t<\/div>\n\t\t<\/section>\n\t\t\t\t<section class=\"elementor-section elementor-top-section elementor-element elementor-element-4847476 elementor-section-boxed elementor-section-height-default elementor-section-height-default\" data-id=\"4847476\" data-element_type=\"section\" data-e-type=\"section\">\n\t\t\t\t\t\t<div class=\"elementor-container elementor-column-gap-default\">\n\t\t\t\t\t<div class=\"elementor-column elementor-col-100 elementor-top-column elementor-element elementor-element-6d22c41\" data-id=\"6d22c41\" data-element_type=\"column\" data-e-type=\"column\">\n\t\t\t<div class=\"elementor-widget-wrap elementor-element-populated\">\n\t\t\t\t\t\t<div class=\"elementor-element elementor-element-9456bf6 elementor-widget-divider--view-line elementor-widget elementor-widget-divider\" data-id=\"9456bf6\" data-element_type=\"widget\" data-e-type=\"widget\" data-widget_type=\"divider.default\">\n\t\t\t\t<div class=\"elementor-widget-container\">\n\t\t\t\t\t\t\t<div class=\"elementor-divider\">\n\t\t\t<span class=\"elementor-divider-separator\">\n\t\t\t\t\t\t<\/span>\n\t\t<\/div>\n\t\t\t\t\t\t<\/div>\n\t\t\t\t<\/div>\n\t\t\t\t\t<\/div>\n\t\t<\/div>\n\t\t\t\t\t<\/div>\n\t\t<\/section>\n\t\t\t\t<section class=\"elementor-section elementor-top-section elementor-element elementor-element-7f03dc1 elementor-section-boxed elementor-section-height-default elementor-section-height-default\" data-id=\"7f03dc1\" data-element_type=\"section\" data-e-type=\"section\">\n\t\t\t\t\t\t<div class=\"elementor-container elementor-column-gap-default\">\n\t\t\t\t\t<div class=\"elementor-column elementor-col-100 elementor-top-column elementor-element elementor-element-1e77cd8\" data-id=\"1e77cd8\" data-element_type=\"column\" data-e-type=\"column\">\n\t\t\t<div class=\"elementor-widget-wrap elementor-element-populated\">\n\t\t\t\t\t\t<div class=\"elementor-element elementor-element-9a2e1c5 elementor-widget elementor-widget-text-editor\" data-id=\"9a2e1c5\" data-element_type=\"widget\" data-e-type=\"widget\" data-widget_type=\"text-editor.default\">\n\t\t\t\t<div class=\"elementor-widget-container\">\n\t\t\t\t\t\t\t\t\t<p>* Cuando matriculas con nosotros, por favor ind\u00edcanos los d\u00edas y horarios preferidos en los que te gustar\u00eda unirte a los grupos. Estos pueden ser a\u00f1adidos en la secci\u00f3n de comentarios aparte.<br \/><span style=\"font-style: inherit; font-weight: inherit; color: var( --e-global-color-text ); font-family: var( --e-global-typography-text-font-family ), Sans-serif;\">* Para obtener m\u00e1s informaci\u00f3n, por favor cont\u00e1ctenos por correo electr\u00f3nico: <\/span><a style=\"font-style: inherit; font-weight: inherit; font-family: var( --e-global-typography-text-font-family ), Sans-serif; background-color: #ffffff;\" href=\"mailto:Info@tenerifeta.com\">Info@tenerifeta.com<\/a><span style=\"font-style: inherit; font-weight: inherit; color: var( --e-global-color-text ); font-family: var( --e-global-typography-text-font-family ), Sans-serif;\">\u00a0 \u00f3<br \/><\/span><span style=\"color: var( --e-global-color-text ); font-family: var( --e-global-typography-text-font-family ), Sans-serif; font-style: inherit; font-weight: inherit;\">\u00a0 \u00a0por WhatsApp\/llamada telef\u00f3nica al (00 34) 680 222 891<\/span><\/p>\t\t\t\t\t\t\t\t<\/div>\n\t\t\t\t<\/div>\n\t\t\t\t\t<\/div>\n\t\t<\/div>\n\t\t\t\t\t<\/div>\n\t\t<\/section>\n\t\t\t\t<section class=\"elementor-section elementor-top-section elementor-element elementor-element-9735f68 elementor-section-boxed elementor-section-height-default elementor-section-height-default\" data-id=\"9735f68\" data-element_type=\"section\" data-e-type=\"section\">\n\t\t\t\t\t\t<div class=\"elementor-container elementor-column-gap-default\">\n\t\t\t\t\t<div class=\"elementor-column elementor-col-100 elementor-top-column elementor-element elementor-element-890302a\" data-id=\"890302a\" data-element_type=\"column\" data-e-type=\"column\">\n\t\t\t<div class=\"elementor-widget-wrap elementor-element-populated\">\n\t\t\t\t\t\t<div class=\"elementor-element elementor-element-88030fd elementor-widget elementor-widget-image\" data-id=\"88030fd\" data-element_type=\"widget\" data-e-type=\"widget\" data-widget_type=\"image.default\">\n\t\t\t\t<div class=\"elementor-widget-container\">\n\t\t\t\t\t\t\t\t\t\t\t\t\t\t\t<img fetchpriority=\"high\" decoding=\"async\" width=\"1024\" height=\"345\" src=\"https:\/\/new.tenerifetennisacademy.com\/wp-content\/uploads\/2023\/08\/T3-adults-timetable-and-register-1024x345.jpg\" class=\"attachment-large size-large wp-image-3315\" alt=\"adults timetable T3\" srcset=\"https:\/\/new.tenerifetennisacademy.com\/wp-content\/uploads\/2023\/08\/T3-adults-timetable-and-register-1024x345.jpg 1024w, https:\/\/new.tenerifetennisacademy.com\/wp-content\/uploads\/2023\/08\/T3-adults-timetable-and-register-300x101.jpg 300w, https:\/\/new.tenerifetennisacademy.com\/wp-content\/uploads\/2023\/08\/T3-adults-timetable-and-register-768x259.jpg 768w, https:\/\/new.tenerifetennisacademy.com\/wp-content\/uploads\/2023\/08\/T3-adults-timetable-and-register-18x6.jpg 18w, https:\/\/new.tenerifetennisacademy.com\/wp-content\/uploads\/2023\/08\/T3-adults-timetable-and-register.jpg 1127w\" sizes=\"(max-width: 1024px) 100vw, 1024px\" \/>\t\t\t\t\t\t\t\t\t\t\t\t\t\t\t<\/div>\n\t\t\t\t<\/div>\n\t\t\t\t\t<\/div>\n\t\t<\/div>\n\t\t\t\t\t<\/div>\n\t\t<\/section>\n\t\t\t\t<section class=\"elementor-section elementor-top-section elementor-element elementor-element-b977bdf elementor-section-boxed elementor-section-height-default elementor-section-height-default\" data-id=\"b977bdf\" data-element_type=\"section\" data-e-type=\"section\">\n\t\t\t\t\t\t<div class=\"elementor-container elementor-column-gap-default\">\n\t\t\t\t\t<div class=\"elementor-column elementor-col-100 elementor-top-column elementor-element elementor-element-79a750f\" data-id=\"79a750f\" data-element_type=\"column\" data-e-type=\"column\">\n\t\t\t<div class=\"elementor-widget-wrap elementor-element-populated\">\n\t\t\t\t\t\t<div class=\"elementor-element elementor-element-5d4193a elementor-align-center elementor-widget elementor-widget-button\" data-id=\"5d4193a\" data-element_type=\"widget\" data-e-type=\"widget\" data-widget_type=\"button.default\">\n\t\t\t\t<div class=\"elementor-widget-container\">\n\t\t\t\t\t\t\t\t\t<div class=\"elementor-button-wrapper\">\n\t\t\t\t\t<a class=\"elementor-button elementor-button-link elementor-size-sm\" href=\"https:\/\/forms.gle\/3WfhY9dvTeLQNMZY6\">\n\t\t\t\t\t\t<span class=\"elementor-button-content-wrapper\">\n\t\t\t\t\t\t\t\t\t<span class=\"elementor-button-text\">Matricular Ahora (formulario)<\/span>\n\t\t\t\t\t<\/span>\n\t\t\t\t\t<\/a>\n\t\t\t\t<\/div>\n\t\t\t\t\t\t\t\t<\/div>\n\t\t\t\t<\/div>\n\t\t\t\t\t<\/div>\n\t\t<\/div>\n\t\t\t\t\t<\/div>\n\t\t<\/section>\n\t\t\t\t<section class=\"elementor-section elementor-top-section elementor-element elementor-element-0ef4fa9 elementor-section-boxed elementor-section-height-default elementor-section-height-default\" data-id=\"0ef4fa9\" data-element_type=\"section\" data-e-type=\"section\">\n\t\t\t\t\t\t<div class=\"elementor-container elementor-column-gap-default\">\n\t\t\t\t\t<div class=\"elementor-column elementor-col-100 elementor-top-column elementor-element elementor-element-6c6c7c7\" data-id=\"6c6c7c7\" data-element_type=\"column\" data-e-type=\"column\">\n\t\t\t<div class=\"elementor-widget-wrap elementor-element-populated\">\n\t\t\t\t\t\t<div class=\"elementor-element elementor-element-c6304d2 elementor-widget elementor-widget-text-editor\" data-id=\"c6304d2\" data-element_type=\"widget\" data-e-type=\"widget\" data-widget_type=\"text-editor.default\">\n\t\t\t\t<div class=\"elementor-widget-container\">\n\t\t\t\t\t\t\t\t\t<p>La cuota de matriculaci\u00f3n es de 99 \u20ac por el a\u00f1o, esto cubre tu seguro en la cancha y te brinda todos los beneficios de ser miembro del club, precios mensuales reducidos para grupos, descuentos en reservas de canchas y descuentos en clases privadas. La cuota de matriculaci\u00f3n debe ser transferida a la cuenta con IBAN:\u00a0<\/p><p><b>Tenerife Tennis Academy &#8211; BBVA ES13 0182 1055 1002 0172 8922<\/b><\/p><p>La cuota de matriculaci\u00f3n debe ser pagada antes de completar el formulario de inscripci\u00f3n, ya que se debe subir una prueba de pago al formulario. Puedes elegir tu plan de entrenamiento dentro de nuestro horario arriba.<\/p>\t\t\t\t\t\t\t\t<\/div>\n\t\t\t\t<\/div>\n\t\t\t\t\t<\/div>\n\t\t<\/div>\n\t\t\t\t\t<\/div>\n\t\t<\/section>\n\t\t\t\t<\/div>","protected":false},"excerpt":{"rendered":"<p>Timetable and Registration 2023\/2024 Adults T3 &#8211; La Caleta * When you register with us, please let us know the preferred days and times that you would like to join in the groups.\u00a0 These can be added in the separate comments section.* For more information, please contact us by email: Info@tenerifeta.com\u00a0 or\u00a0 \u00a0by whatsapp\/phonecall to\u00a0 [&hellip;]<\/p>\n","protected":false},"author":5,"featured_media":0,"parent":0,"menu_order":0,"comment_status":"closed","ping_status":"closed","template":"","meta":{"site-sidebar-layout":"no-sidebar","site-content-layout":"page-builder","ast-site-content-layout":"default","site-content-style":"default","site-sidebar-style":"default","ast-global-header-display":"","ast-banner-title-visibility":"","ast-main-header-display":"","ast-hfb-above-header-display":"","ast-hfb-below-header-display":"","ast-hfb-mobile-header-display":"","site-post-title":"disabled","ast-breadcrumbs-content":"","ast-featured-img":"disabled","footer-sml-layout":"","ast-disable-related-posts":"","theme-transparent-header-meta":"","adv-header-id-meta":"","stick-header-meta":"","header-above-stick-meta":"","header-main-stick-meta":"","header-below-stick-meta":"","astra-migrate-meta-layouts":"default","ast-page-background-enabled":"default","ast-page-background-meta":{"desktop":{"background-color":"var(--ast-global-color-4)","background-image":"","background-repeat":"repeat","background-position":"center center","background-size":"auto","background-attachment":"scroll","background-type":"","background-media":"","overlay-type":"","overlay-color":"","overlay-opacity":"","overlay-gradient":""},"tablet":{"background-color":"","background-image":"","background-repeat":"repeat","background-position":"center center","background-size":"auto","background-attachment":"scroll","background-type":"","background-media":"","overlay-type":"","overlay-color":"","overlay-opacity":"","overlay-gradient":""},"mobile":{"background-color":"","background-image":"","background-repeat":"repeat","background-position":"center center","background-size":"auto","background-attachment":"scroll","background-type":"","background-media":"","overlay-type":"","overlay-color":"","overlay-opacity":"","overlay-gradient":""}},"ast-content-background-meta":{"desktop":{"background-color":"var(--ast-global-color-5)","background-image":"","background-repeat":"repeat","background-position":"center center","background-size":"auto","background-attachment":"scroll","background-type":"","background-media":"","overlay-type":"","overlay-color":"","overlay-opacity":"","overlay-gradient":""},"tablet":{"background-color":"var(--ast-global-color-5)","background-image":"","background-repeat":"repeat","background-position":"center center","background-size":"auto","background-attachment":"scroll","background-type":"","background-media":"","overlay-type":"","overlay-color":"","overlay-opacity":"","overlay-gradient":""},"mobile":{"background-color":"var(--ast-global-color-5)","background-image":"","background-repeat":"repeat","background-position":"center center","background-size":"auto","background-attachment":"scroll","background-type":"","background-media":"","overlay-type":"","overlay-color":"","overlay-opacity":"","overlay-gradient":""}},"footnotes":""},"class_list":["post-3314","page","type-page","status-publish","hentry"],"_links":{"self":[{"href":"https:\/\/new.tenerifetennisacademy.com\/es\/wp-json\/wp\/v2\/pages\/3314","targetHints":{"allow":["GET"]}}],"collection":[{"href":"https:\/\/new.tenerifetennisacademy.com\/es\/wp-json\/wp\/v2\/pages"}],"about":[{"href":"https:\/\/new.tenerifetennisacademy.com\/es\/wp-json\/wp\/v2\/types\/page"}],"author":[{"embeddable":true,"href":"https:\/\/new.tenerifetennisacademy.com\/es\/wp-json\/wp\/v2\/users\/5"}],"replies":[{"embeddable":true,"href":"https:\/\/new.tenerifetennisacademy.com\/es\/wp-json\/wp\/v2\/comments?post=3314"}],"version-history":[{"count":6,"href":"https:\/\/new.tenerifetennisacademy.com\/es\/wp-json\/wp\/v2\/pages\/3314\/revisions"}],"predecessor-version":[{"id":3353,"href":"https:\/\/new.tenerifetennisacademy.com\/es\/wp-json\/wp\/v2\/pages\/3314\/revisions\/3353"}],"wp:attachment":[{"href":"https:\/\/new.tenerifetennisacademy.com\/es\/wp-json\/wp\/v2\/media?parent=3314"}],"curies":[{"name":"wp","href":"https:\/\/api.w.org\/{rel}","templated":true}]}}