{"id":3,"date":"2021-03-12T10:42:25","date_gmt":"2021-03-12T10:42:25","guid":{"rendered":"http:\/\/new.tenerifetennisacademy.com\/?page_id=3"},"modified":"2023-03-11T10:42:21","modified_gmt":"2023-03-11T10:42:21","slug":"privacy-policy","status":"publish","type":"page","link":"https:\/\/new.tenerifetennisacademy.com\/de\/datenschutz-bestimmungen\/","title":{"rendered":"Datenschutz-Bestimmungen"},"content":{"rendered":"<div data-elementor-type=\"wp-page\" data-elementor-id=\"3\" class=\"elementor elementor-3\">\n\t\t\t\t\t\t<section class=\"elementor-section elementor-top-section elementor-element elementor-element-5873384 elementor-section-boxed elementor-section-height-default elementor-section-height-default\" data-id=\"5873384\" data-element_type=\"section\" data-e-type=\"section\">\n\t\t\t\t\t\t<div class=\"elementor-container elementor-column-gap-default\">\n\t\t\t\t\t<div class=\"elementor-column elementor-col-100 elementor-top-column elementor-element elementor-element-5c8a9178\" data-id=\"5c8a9178\" data-element_type=\"column\" data-e-type=\"column\">\n\t\t\t<div class=\"elementor-widget-wrap elementor-element-populated\">\n\t\t\t\t\t\t<div class=\"elementor-element elementor-element-149f83cb elementor-widget elementor-widget-text-editor\" data-id=\"149f83cb\" data-element_type=\"widget\" data-e-type=\"widget\" data-widget_type=\"text-editor.default\">\n\t\t\t\t<div class=\"elementor-widget-container\">\n\t\t\t\t\t\t\t\t\t\n<p>Bei Tenerife Tennis Academy verpflichten wir uns, Ihre Privatsph\u00e4re zu sch\u00fctzen und die Sicherheit Ihrer pers\u00f6nlichen Daten zu gew\u00e4hrleisten. Diese Datenschutzrichtlinie beschreibt die Arten von personenbezogenen Daten, die wir m\u00f6glicherweise von Ihnen erfassen, wie wir sie verwenden und wie wir Ihre Daten sch\u00fctzen.<\/p>\n<ol>\n<li>Informationen, die wir sammeln<\/li>\n<\/ol>\n<p>Wir k\u00f6nnen personenbezogene Daten von Ihnen erfassen, wenn Sie unsere Website besuchen, sich f\u00fcr unsere Dienste registrieren oder uns kontaktieren. Die Informationen, die wir m\u00f6glicherweise sammeln, umfassen, sind aber nicht beschr\u00e4nkt auf:<\/p>\n<ul>\n<li>Ihr Name, Ihre Adresse, Telefonnummer und E-Mail-Adresse<\/li>\n<li>Ihr Geburtsdatum, Ihr Geschlecht und Ihre Nationalit\u00e4t<\/li>\n<li>Ihre Zahlungsinformationen, wie z. B. Kreditkartendaten<\/li>\n<li>Ihre Pr\u00e4ferenzen und Interessen in Bezug auf unsere Dienstleistungen<\/li>\n<\/ul>\n<p>Wir k\u00f6nnen auch Informationen \u00fcber Ihre Nutzung unserer Website durch Cookies und andere Tracking-Technologien sammeln. Diese Informationen k\u00f6nnen Ihre IP-Adresse, Ihren Browsertyp, Ihren Ger\u00e4tetyp und Ihren Browserverlauf umfassen.<\/p>\n<ol start=\"2\">\n<li>Verwendung von Informationen<\/li>\n<\/ol>\n<p>Wir k\u00f6nnen Ihre personenbezogenen Daten f\u00fcr die folgenden Zwecke verwenden:<\/p>\n<ul>\n<li>Um unsere Dienstleistungen f\u00fcr Sie bereitzustellen, einschlie\u00dflich der Planung von Tennisstunden, der Buchung von Unterk\u00fcnften und der Organisation von Transporten<\/li>\n<li>Um mit Ihnen \u00fcber unsere Dienstleistungen, Werbeaktionen und Veranstaltungen zu kommunizieren<\/li>\n<li>Um Zahlungen abzuwickeln und Ihr Konto zu verwalten<\/li>\n<li>Um unsere Website und Dienstleistungen zu verbessern<\/li>\n<li>Zur Einhaltung gesetzlicher Verpflichtungen<\/li>\n<\/ul>\n<p>Wir k\u00f6nnen Ihre Informationen auch f\u00fcr Marketingzwecke verwenden, z. B. um Ihnen Werbe-E-Mails zu senden, es sei denn, Sie haben sich gegen den Erhalt solcher Mitteilungen entschieden.<\/p>\n<ol start=\"3\">\n<li>Weitergabe von Informationen<\/li>\n<\/ol>\n<p>Wir k\u00f6nnen Ihre personenbezogenen Daten an Drittanbieter weitergeben, die uns bei der Erbringung unserer Dienstleistungen unterst\u00fctzen, wie z. B. Reiseb\u00fcros, Tennistrainer und Unterkunftsanbieter. Wir werden nur die Informationen weitergeben, die diese Anbieter zur Erbringung ihrer Dienste ben\u00f6tigen, und wir werden sie dazu auffordern, Ihre Informationen gem\u00e4\u00df dieser Datenschutzrichtlinie zu sch\u00fctzen.<\/p>\n<p>Wir k\u00f6nnen Ihre Daten auch weitergeben, wenn dies gesetzlich vorgeschrieben ist oder wenn wir glauben, dass eine Offenlegung notwendig ist, um unsere Rechte oder die Rechte anderer zu sch\u00fctzen.<\/p>\n<ol start=\"4\">\n<li>Sicherheit von Informationen<\/li>\n<\/ol>\n<p>Wir verpflichten uns, die Sicherheit Ihrer pers\u00f6nlichen Daten zu sch\u00fctzen. Wir ergreifen angemessene Ma\u00dfnahmen, um Ihre Informationen vor unbefugtem Zugriff, Offenlegung oder \u00c4nderung zu sch\u00fctzen. Wir k\u00f6nnen jedoch die Sicherheit Ihrer Daten nicht garantieren, und Sie sollten Ma\u00dfnahmen ergreifen, um Ihre eigenen Daten zu sch\u00fctzen, wenn Sie unsere Dienste nutzen.<\/p>\n<ol start=\"5\">\n<li>Deine Rechte<\/li>\n<\/ol>\n<p>Sie haben das Recht, auf Ihre von uns erfassten personenbezogenen Daten zuzugreifen, diese zu korrigieren oder zu l\u00f6schen. Sie k\u00f6nnen auch verlangen, dass wir Ihre Daten nicht mehr f\u00fcr Marketingzwecke verwenden. Um diese Rechte auszu\u00fcben, kontaktieren Sie uns bitte unter der unten angegebenen E-Mail-Adresse.<\/p>\n<ol start=\"6\">\n<li>\u00c4nderungen an dieser Datenschutzrichtlinie<\/li>\n<\/ol>\n<p>Wir k\u00f6nnen diese Datenschutzrichtlinie von Zeit zu Zeit aktualisieren. Alle \u00c4nderungen werden auf unserer Website ver\u00f6ffentlicht und wir werden Sie per E-Mail \u00fcber wesentliche \u00c4nderungen informieren.<\/p>\n<ol start=\"7\">\n<li>Kontaktiere uns<\/li>\n<\/ol>\n<p>Wenn Sie Fragen oder Bedenken zu dieser Datenschutzrichtlinie oder unserer Verwendung Ihrer personenbezogenen Daten haben, kontaktieren Sie uns bitte unter <a href=\"mailto:info@new.tenerifetennisacademy.com\" target=\"_new\">info@new.tenerifetennisacademy.com<\/a>.<\/p>\n\t\t\t\t\t\t\t\t<\/div>\n\t\t\t\t<\/div>\n\t\t\t\t\t<\/div>\n\t\t<\/div>\n\t\t\t\t\t<\/div>\n\t\t<\/section>\n\t\t\t\t<\/div>","protected":false},"excerpt":{"rendered":"<p>At Tenerife Tennis Academy, we are committed to protecting your privacy and ensuring the security of your personal information. This Privacy Policy outlines the types of personal information we may collect from you, how we may use it, and how we will protect your information. Information We Collect We may collect personal information from you [&hellip;]<\/p>\n","protected":false},"author":1,"featured_media":0,"parent":0,"menu_order":0,"comment_status":"closed","ping_status":"closed","template":"","meta":{"site-sidebar-layout":"default","site-content-layout":"","ast-site-content-layout":"default","site-content-style":"default","site-sidebar-style":"default","ast-global-header-display":"","ast-banner-title-visibility":"","ast-main-header-display":"","ast-hfb-above-header-display":"","ast-hfb-below-header-display":"","ast-hfb-mobile-header-display":"","site-post-title":"","ast-breadcrumbs-content":"","ast-featured-img":"","footer-sml-layout":"","ast-disable-related-posts":"","theme-transparent-header-meta":"","adv-header-id-meta":"","stick-header-meta":"","header-above-stick-meta":"","header-main-stick-meta":"","header-below-stick-meta":"","astra-migrate-meta-layouts":"default","ast-page-background-enabled":"default","ast-page-background-meta":{"desktop":{"background-color":"var(--ast-global-color-4)","background-image":"","background-repeat":"repeat","background-position":"center center","background-size":"auto","background-attachment":"scroll","background-type":"","background-media":"","overlay-type":"","overlay-color":"","overlay-opacity":"","overlay-gradient":""},"tablet":{"background-color":"","background-image":"","background-repeat":"repeat","background-position":"center center","background-size":"auto","background-attachment":"scroll","background-type":"","background-media":"","overlay-type":"","overlay-color":"","overlay-opacity":"","overlay-gradient":""},"mobile":{"background-color":"","background-image":"","background-repeat":"repeat","background-position":"center center","background-size":"auto","background-attachment":"scroll","background-type":"","background-media":"","overlay-type":"","overlay-color":"","overlay-opacity":"","overlay-gradient":""}},"ast-content-background-meta":{"desktop":{"background-color":"var(--ast-global-color-5)","background-image":"","background-repeat":"repeat","background-position":"center center","background-size":"auto","background-attachment":"scroll","background-type":"","background-media":"","overlay-type":"","overlay-color":"","overlay-opacity":"","overlay-gradient":""},"tablet":{"background-color":"var(--ast-global-color-5)","background-image":"","background-repeat":"repeat","background-position":"center center","background-size":"auto","background-attachment":"scroll","background-type":"","background-media":"","overlay-type":"","overlay-color":"","overlay-opacity":"","overlay-gradient":""},"mobile":{"background-color":"var(--ast-global-color-5)","background-image":"","background-repeat":"repeat","background-position":"center center","background-size":"auto","background-attachment":"scroll","background-type":"","background-media":"","overlay-type":"","overlay-color":"","overlay-opacity":"","overlay-gradient":""}},"footnotes":""},"class_list":["post-3","page","type-page","status-publish","hentry"],"_links":{"self":[{"href":"https:\/\/new.tenerifetennisacademy.com\/de\/wp-json\/wp\/v2\/pages\/3","targetHints":{"allow":["GET"]}}],"collection":[{"href":"https:\/\/new.tenerifetennisacademy.com\/de\/wp-json\/wp\/v2\/pages"}],"about":[{"href":"https:\/\/new.tenerifetennisacademy.com\/de\/wp-json\/wp\/v2\/types\/page"}],"author":[{"embeddable":true,"href":"https:\/\/new.tenerifetennisacademy.com\/de\/wp-json\/wp\/v2\/users\/1"}],"replies":[{"embeddable":true,"href":"https:\/\/new.tenerifetennisacademy.com\/de\/wp-json\/wp\/v2\/comments?post=3"}],"version-history":[{"count":4,"href":"https:\/\/new.tenerifetennisacademy.com\/de\/wp-json\/wp\/v2\/pages\/3\/revisions"}],"predecessor-version":[{"id":2944,"href":"https:\/\/new.tenerifetennisacademy.com\/de\/wp-json\/wp\/v2\/pages\/3\/revisions\/2944"}],"wp:attachment":[{"href":"https:\/\/new.tenerifetennisacademy.com\/de\/wp-json\/wp\/v2\/media?parent=3"}],"curies":[{"name":"wp","href":"https:\/\/api.w.org\/{rel}","templated":true}]}}